{"id":9030,"date":"2020-03-10T14:43:59","date_gmt":"2020-03-10T14:43:59","guid":{"rendered":"https:\/\/www.vodateh.si\/datoteke-navodila-za-uporabo\/"},"modified":"2024-06-14T11:58:28","modified_gmt":"2024-06-14T11:58:28","slug":"datoteke-navodila-za-uporabo","status":"publish","type":"page","link":"https:\/\/www.vodateh.si\/hr\/katalogi-tehnicne-risbe-izjave-navodila\/datoteke-navodila-za-uporabo\/","title":{"rendered":"Upute za upotrebu"},"content":{"rendered":"<p><div class=\"fusion-fullwidth fullwidth-box fusion-builder-row-1 nonhundred-percent-fullwidth non-hundred-percent-height-scrolling\" style=\"background-color: rgba(255,255,255,0);background-position: center center;background-repeat: no-repeat;padding-top:0px;padding-right:0px;padding-bottom:0px;padding-left:0px;margin-bottom: 0px;margin-top: 0px;border-width: 0px 0px 0px 0px;border-color:#eae9e9;border-style:solid;\" ><div class=\"fusion-builder-row fusion-row\"><div class=\"fusion-layout-column fusion_builder_column fusion-builder-column-0 fusion_builder_column_1_4 1_4 fusion-one-fourth fusion-column-first\" style=\"width:25%;width:calc(25% - ( ( 4% ) * 0.25 ) );margin-right: 4%;margin-top:0px;margin-bottom:0px;\"><div class=\"fusion-column-wrapper fusion-flex-column-wrapper-legacy\" style=\"background-position:left top;background-repeat:no-repeat;-webkit-background-size:cover;-moz-background-size:cover;-o-background-size:cover;background-size:cover;padding: 0px 0px 0px 0px;\"><div class=\"fusion-text fusion-text-1\"><h4><strong>UPUTE ZA UPOTREBU<\/strong><\/h4>\n<\/div><div class=\"fusion-clearfix\"><\/div><\/div><\/div><div class=\"fusion-layout-column fusion_builder_column fusion-builder-column-1 fusion_builder_column_3_4 3_4 fusion-three-fourth fusion-column-last\" style=\"width:75%;width:calc(75% - ( ( 4% ) * 0.75 ) );margin-top:0px;margin-bottom:2px;\"><div class=\"fusion-column-wrapper fusion-flex-column-wrapper-legacy\" style=\"background-position:left top;background-repeat:no-repeat;-webkit-background-size:cover;-moz-background-size:cover;-o-background-size:cover;background-size:cover;padding: 25px 0px 0px 0px;\"><div class=\"fusion-sep-clear\"><\/div><div class=\"fusion-separator fusion-full-width-sep\" style=\"margin-left: auto;margin-right: auto;width:100%;\"><div class=\"fusion-separator-border sep-shadow\" style=\"background:radial-gradient(ellipse at 50% -50% , #137eb4 0px, rgba(255, 255, 255, 0) 80%) repeat scroll 0 0 rgba(0, 0, 0, 0);background:-webkit-radial-gradient(ellipse at 50% -50% , #137eb4 0px, rgba(255, 255, 255, 0) 80%) repeat scroll 0 0 rgba(0, 0, 0, 0);background:-moz-radial-gradient(ellipse at 50% -50% , #137eb4 0px, rgba(255, 255, 255, 0) 80%) repeat scroll 0 0 rgba(0, 0, 0, 0);background:-o-radial-gradient(ellipse at 50% -50% , #137eb4 0px, rgba(255, 255, 255, 0) 80%) repeat scroll 0 0 rgba(0, 0, 0, 0);\"><\/div><\/div><div class=\"fusion-sep-clear\"><\/div><div class=\"fusion-clearfix\"><\/div><\/div><\/div><\/div><\/div><div class=\"fusion-fullwidth fullwidth-box fusion-builder-row-2 nonhundred-percent-fullwidth non-hundred-percent-height-scrolling\" style=\"background-color: rgba(255,255,255,0);background-position: center center;background-repeat: no-repeat;padding-top:0px;padding-right:0px;padding-bottom:32px;padding-left:0px;margin-bottom: 52px;margin-top: 0px;border-width: 0px 0px 0px 0px;border-color:#eae9e9;border-style:solid;\" ><div class=\"fusion-builder-row fusion-row\"><div class=\"fusion-layout-column fusion_builder_column fusion-builder-column-2 fusion_builder_column_1_2 1_2 fusion-one-half fusion-column-first\" style=\"width:50%;width:calc(50% - ( ( 4% ) * 0.5 ) );margin-right: 4%;margin-top:0px;margin-bottom:0px;\"><div class=\"fusion-column-wrapper fusion-flex-column-wrapper-legacy\" style=\"background-position:left top;background-repeat:no-repeat;-webkit-background-size:cover;-moz-background-size:cover;-o-background-size:cover;background-size:cover;padding: 0px 0px 0px 0px;\">\n<div class=\"table-1\">\n<table width=\"100%\">\n<tbody>\n<tr>\n<td align=\"left\">UPUTE ZA UPOTREBU Aquatec AT6-12<\/td>\n<td align=\"center\"><a href=\"https:\/\/www.dropbox.com\/s\/ritve2l9tosk4f9\/Aquatec_NAVODILA%20ZA%20UPORABO%20AT6-12.pdf?dl=1\"><img decoding=\"async\" src=\"https:\/\/www.vodateh.si\/wp-content\/uploads\/2020\/03\/katalog.png\" \/><\/a><\/td>\n<\/tr>\n<tr>\n<td align=\"left\">UPUTE ZA UPOTREBU Aquatec AT6-12 SA BIOFILTEROM<\/td>\n<td align=\"center\"><a href=\"https:\/\/www.dropbox.com\/s\/5pbeebiyt1o0wzr\/Aquatec_NAVODILA_ZA_UPORABO_AT6-AT12_BIOFILTER.pdf?dl=1\"><img decoding=\"async\" src=\"https:\/\/www.vodateh.si\/wp-content\/uploads\/2020\/03\/katalog.png\" \/><\/a><\/td>\n<\/tr>\n<tr>\n<td align=\"left\">UPUTE ZA UPOTREBU Klaermax IDEAL SBR<\/td>\n<td align=\"center\"><a href=\"https:\/\/www.dropbox.com\/s\/bneytg4a09fa7rf\/Klaermax%20Ideal%20SBR_NAVODILA-ZA-UPORABO.pdf?dl=1\"><img decoding=\"async\" src=\"https:\/\/www.vodateh.si\/wp-content\/uploads\/2020\/03\/katalog.png\" \/><\/a><\/td>\n<\/tr>\n<\/tbody>\n<\/table>\n<\/div>\n<div class=\"fusion-clearfix\"><\/div><\/div><\/div><div class=\"fusion-layout-column fusion_builder_column fusion-builder-column-3 fusion_builder_column_1_2 1_2 fusion-one-half fusion-column-last\" style=\"width:50%;width:calc(50% - ( ( 4% ) * 0.5 ) );margin-top:0px;margin-bottom:0px;\"><div class=\"fusion-column-wrapper fusion-flex-column-wrapper-legacy\" style=\"background-position:left top;background-repeat:no-repeat;-webkit-background-size:cover;-moz-background-size:cover;-o-background-size:cover;background-size:cover;padding: 0px 0px 0px 0px;\">\n<div class=\"table-1\">\n<table width=\"100%\">\n<tbody>\n<tr>\n<td align=\"left\">UPUTE\u00a0 ZA UPOTREBU Marseplast OG2.0 \/ OG3.0<\/td>\n<td align=\"center\"><a href=\"https:\/\/www.dropbox.com\/s\/dmktmhd991bvvif\/Marseplast_OG-2-3-NAVODILA%20ZA%20UPORABO.pdf?dl=1\"><img decoding=\"async\" src=\"https:\/\/www.vodateh.si\/wp-content\/uploads\/2020\/03\/katalog.png\" \/><\/a><\/td>\n<\/tr>\n<tr>\n<td align=\"left\">UPUTE ZA UPOTREBU Biorock<\/td>\n<td align=\"center\"><a href=\"https:\/\/www.dropbox.com\/s\/2g6ntiqprr7j4c2\/Biorock_Navodila%20za%20namestitev%20in%20uporabo.pdf?dl=1\"><img decoding=\"async\" src=\"https:\/\/www.vodateh.si\/wp-content\/uploads\/2020\/03\/katalog.png\" \/><\/a><\/td>\n<\/tr>\n<\/tbody>\n<\/table>\n<\/div>\n<div class=\"fusion-clearfix\"><\/div><\/div><\/div><\/div><\/div><\/p>\n","protected":false},"excerpt":{"rendered":"","protected":false},"author":2,"featured_media":0,"parent":9036,"menu_order":0,"comment_status":"closed","ping_status":"closed","template":"100-width.php","meta":{"_acf_changed":false,"footnotes":""},"acf":[],"yoast_head":"<!-- This site is optimized with the Yoast SEO plugin v24.5 - https:\/\/yoast.com\/wordpress\/plugins\/seo\/ -->\n<title>Upute za upotrebu - Vodateh | \u010cistilne naprave, sistemi za de\u017eevnico, filtracija<\/title>\n<meta name=\"description\" content=\"Dali vam trebaju upute za upotrebu? Onda ste na pravom mjestu. Provijerite datoteku te nas kontakirajte za vi\u0161e pitanja.\" \/>\n<meta name=\"robots\" content=\"index, follow, max-snippet:-1, max-image-preview:large, max-video-preview:-1\" \/>\n<link rel=\"canonical\" href=\"https:\/\/www.vodateh.si\/hr\/katalogi-tehnicne-risbe-izjave-navodila\/datoteke-navodila-za-uporabo\/\" \/>\n<meta property=\"og:locale\" content=\"hr_HR\" \/>\n<meta property=\"og:type\" content=\"article\" \/>\n<meta property=\"og:title\" content=\"Upute za upotrebu - Vodateh | \u010cistilne naprave, sistemi za de\u017eevnico, filtracija\" \/>\n<meta property=\"og:description\" content=\"Dali vam trebaju upute za upotrebu? Onda ste na pravom mjestu. Provijerite datoteku te nas kontakirajte za vi\u0161e pitanja.\" \/>\n<meta property=\"og:url\" content=\"https:\/\/www.vodateh.si\/hr\/katalogi-tehnicne-risbe-izjave-navodila\/datoteke-navodila-za-uporabo\/\" \/>\n<meta property=\"og:site_name\" content=\"Vodateh | \u010cistilne naprave, sistemi za de\u017eevnico, filtracija\" \/>\n<meta property=\"article:modified_time\" content=\"2024-06-14T11:58:28+00:00\" \/>\n<meta property=\"og:image\" content=\"https:\/\/www.vodateh.si\/wp-content\/uploads\/2020\/03\/katalog.png\" \/>\n<meta name=\"twitter:card\" content=\"summary_large_image\" \/>\n<meta name=\"twitter:label1\" content=\"Procijenjeno vrijeme \u010ditanja\" \/>\n\t<meta name=\"twitter:data1\" content=\"4 minute\" \/>\n<script type=\"application\/ld+json\" class=\"yoast-schema-graph\">{\"@context\":\"https:\/\/schema.org\",\"@graph\":[{\"@type\":\"WebPage\",\"@id\":\"https:\/\/www.vodateh.si\/hr\/katalogi-tehnicne-risbe-izjave-navodila\/datoteke-navodila-za-uporabo\/\",\"url\":\"https:\/\/www.vodateh.si\/hr\/katalogi-tehnicne-risbe-izjave-navodila\/datoteke-navodila-za-uporabo\/\",\"name\":\"Upute za upotrebu - Vodateh | \u010cistilne naprave, sistemi za de\u017eevnico, filtracija\",\"isPartOf\":{\"@id\":\"https:\/\/www.vodateh.si\/hr\/#website\"},\"primaryImageOfPage\":{\"@id\":\"https:\/\/www.vodateh.si\/hr\/katalogi-tehnicne-risbe-izjave-navodila\/datoteke-navodila-za-uporabo\/#primaryimage\"},\"image\":{\"@id\":\"https:\/\/www.vodateh.si\/hr\/katalogi-tehnicne-risbe-izjave-navodila\/datoteke-navodila-za-uporabo\/#primaryimage\"},\"thumbnailUrl\":\"https:\/\/www.vodateh.si\/wp-content\/uploads\/2020\/03\/katalog.png\",\"datePublished\":\"2020-03-10T14:43:59+00:00\",\"dateModified\":\"2024-06-14T11:58:28+00:00\",\"description\":\"Dali vam trebaju upute za upotrebu? Onda ste na pravom mjestu. Provijerite datoteku te nas kontakirajte za vi\u0161e pitanja.\",\"breadcrumb\":{\"@id\":\"https:\/\/www.vodateh.si\/hr\/katalogi-tehnicne-risbe-izjave-navodila\/datoteke-navodila-za-uporabo\/#breadcrumb\"},\"inLanguage\":\"hr\",\"potentialAction\":[{\"@type\":\"ReadAction\",\"target\":[\"https:\/\/www.vodateh.si\/hr\/katalogi-tehnicne-risbe-izjave-navodila\/datoteke-navodila-za-uporabo\/\"]}]},{\"@type\":\"ImageObject\",\"inLanguage\":\"hr\",\"@id\":\"https:\/\/www.vodateh.si\/hr\/katalogi-tehnicne-risbe-izjave-navodila\/datoteke-navodila-za-uporabo\/#primaryimage\",\"url\":\"https:\/\/www.vodateh.si\/wp-content\/uploads\/2020\/03\/katalog.png\",\"contentUrl\":\"https:\/\/www.vodateh.si\/wp-content\/uploads\/2020\/03\/katalog.png\"},{\"@type\":\"BreadcrumbList\",\"@id\":\"https:\/\/www.vodateh.si\/hr\/katalogi-tehnicne-risbe-izjave-navodila\/datoteke-navodila-za-uporabo\/#breadcrumb\",\"itemListElement\":[{\"@type\":\"ListItem\",\"position\":1,\"name\":\"Home\",\"item\":\"https:\/\/www.vodateh.si\/hr\/\"},{\"@type\":\"ListItem\",\"position\":2,\"name\":\"DATOTEKE &#8211; Splo\u0161no\",\"item\":\"https:\/\/www.vodateh.si\/hr\/katalogi-tehnicne-risbe-izjave-navodila\/\"},{\"@type\":\"ListItem\",\"position\":3,\"name\":\"Upute za upotrebu\"}]},{\"@type\":\"WebSite\",\"@id\":\"https:\/\/www.vodateh.si\/hr\/#website\",\"url\":\"https:\/\/www.vodateh.si\/hr\/\",\"name\":\"Vodateh | \u010cistilne naprave, sistemi za de\u017eevnico, filtracija\",\"description\":\"\u010cistilne naprave, sistemi za de\u017eevnico, filtracija\",\"potentialAction\":[{\"@type\":\"SearchAction\",\"target\":{\"@type\":\"EntryPoint\",\"urlTemplate\":\"https:\/\/www.vodateh.si\/hr\/?s={search_term_string}\"},\"query-input\":{\"@type\":\"PropertyValueSpecification\",\"valueRequired\":true,\"valueName\":\"search_term_string\"}}],\"inLanguage\":\"hr\"}]}<\/script>\n<!-- \/ Yoast SEO plugin. -->","yoast_head_json":{"title":"Upute za upotrebu - Vodateh | \u010cistilne naprave, sistemi za de\u017eevnico, filtracija","description":"Dali vam trebaju upute za upotrebu? Onda ste na pravom mjestu. Provijerite datoteku te nas kontakirajte za vi\u0161e pitanja.","robots":{"index":"index","follow":"follow","max-snippet":"max-snippet:-1","max-image-preview":"max-image-preview:large","max-video-preview":"max-video-preview:-1"},"canonical":"https:\/\/www.vodateh.si\/hr\/katalogi-tehnicne-risbe-izjave-navodila\/datoteke-navodila-za-uporabo\/","og_locale":"hr_HR","og_type":"article","og_title":"Upute za upotrebu - Vodateh | \u010cistilne naprave, sistemi za de\u017eevnico, filtracija","og_description":"Dali vam trebaju upute za upotrebu? Onda ste na pravom mjestu. Provijerite datoteku te nas kontakirajte za vi\u0161e pitanja.","og_url":"https:\/\/www.vodateh.si\/hr\/katalogi-tehnicne-risbe-izjave-navodila\/datoteke-navodila-za-uporabo\/","og_site_name":"Vodateh | \u010cistilne naprave, sistemi za de\u017eevnico, filtracija","article_modified_time":"2024-06-14T11:58:28+00:00","og_image":[{"url":"https:\/\/www.vodateh.si\/wp-content\/uploads\/2020\/03\/katalog.png","type":"","width":"","height":""}],"twitter_card":"summary_large_image","twitter_misc":{"Procijenjeno vrijeme \u010ditanja":"4 minute"},"schema":{"@context":"https:\/\/schema.org","@graph":[{"@type":"WebPage","@id":"https:\/\/www.vodateh.si\/hr\/katalogi-tehnicne-risbe-izjave-navodila\/datoteke-navodila-za-uporabo\/","url":"https:\/\/www.vodateh.si\/hr\/katalogi-tehnicne-risbe-izjave-navodila\/datoteke-navodila-za-uporabo\/","name":"Upute za upotrebu - Vodateh | \u010cistilne naprave, sistemi za de\u017eevnico, filtracija","isPartOf":{"@id":"https:\/\/www.vodateh.si\/hr\/#website"},"primaryImageOfPage":{"@id":"https:\/\/www.vodateh.si\/hr\/katalogi-tehnicne-risbe-izjave-navodila\/datoteke-navodila-za-uporabo\/#primaryimage"},"image":{"@id":"https:\/\/www.vodateh.si\/hr\/katalogi-tehnicne-risbe-izjave-navodila\/datoteke-navodila-za-uporabo\/#primaryimage"},"thumbnailUrl":"https:\/\/www.vodateh.si\/wp-content\/uploads\/2020\/03\/katalog.png","datePublished":"2020-03-10T14:43:59+00:00","dateModified":"2024-06-14T11:58:28+00:00","description":"Dali vam trebaju upute za upotrebu? Onda ste na pravom mjestu. Provijerite datoteku te nas kontakirajte za vi\u0161e pitanja.","breadcrumb":{"@id":"https:\/\/www.vodateh.si\/hr\/katalogi-tehnicne-risbe-izjave-navodila\/datoteke-navodila-za-uporabo\/#breadcrumb"},"inLanguage":"hr","potentialAction":[{"@type":"ReadAction","target":["https:\/\/www.vodateh.si\/hr\/katalogi-tehnicne-risbe-izjave-navodila\/datoteke-navodila-za-uporabo\/"]}]},{"@type":"ImageObject","inLanguage":"hr","@id":"https:\/\/www.vodateh.si\/hr\/katalogi-tehnicne-risbe-izjave-navodila\/datoteke-navodila-za-uporabo\/#primaryimage","url":"https:\/\/www.vodateh.si\/wp-content\/uploads\/2020\/03\/katalog.png","contentUrl":"https:\/\/www.vodateh.si\/wp-content\/uploads\/2020\/03\/katalog.png"},{"@type":"BreadcrumbList","@id":"https:\/\/www.vodateh.si\/hr\/katalogi-tehnicne-risbe-izjave-navodila\/datoteke-navodila-za-uporabo\/#breadcrumb","itemListElement":[{"@type":"ListItem","position":1,"name":"Home","item":"https:\/\/www.vodateh.si\/hr\/"},{"@type":"ListItem","position":2,"name":"DATOTEKE &#8211; Splo\u0161no","item":"https:\/\/www.vodateh.si\/hr\/katalogi-tehnicne-risbe-izjave-navodila\/"},{"@type":"ListItem","position":3,"name":"Upute za upotrebu"}]},{"@type":"WebSite","@id":"https:\/\/www.vodateh.si\/hr\/#website","url":"https:\/\/www.vodateh.si\/hr\/","name":"Vodateh | \u010cistilne naprave, sistemi za de\u017eevnico, filtracija","description":"\u010cistilne naprave, sistemi za de\u017eevnico, filtracija","potentialAction":[{"@type":"SearchAction","target":{"@type":"EntryPoint","urlTemplate":"https:\/\/www.vodateh.si\/hr\/?s={search_term_string}"},"query-input":{"@type":"PropertyValueSpecification","valueRequired":true,"valueName":"search_term_string"}}],"inLanguage":"hr"}]}},"_links":{"self":[{"href":"https:\/\/www.vodateh.si\/hr\/wp-json\/wp\/v2\/pages\/9030"}],"collection":[{"href":"https:\/\/www.vodateh.si\/hr\/wp-json\/wp\/v2\/pages"}],"about":[{"href":"https:\/\/www.vodateh.si\/hr\/wp-json\/wp\/v2\/types\/page"}],"author":[{"embeddable":true,"href":"https:\/\/www.vodateh.si\/hr\/wp-json\/wp\/v2\/users\/2"}],"replies":[{"embeddable":true,"href":"https:\/\/www.vodateh.si\/hr\/wp-json\/wp\/v2\/comments?post=9030"}],"version-history":[{"count":4,"href":"https:\/\/www.vodateh.si\/hr\/wp-json\/wp\/v2\/pages\/9030\/revisions"}],"predecessor-version":[{"id":9871,"href":"https:\/\/www.vodateh.si\/hr\/wp-json\/wp\/v2\/pages\/9030\/revisions\/9871"}],"up":[{"embeddable":true,"href":"https:\/\/www.vodateh.si\/hr\/wp-json\/wp\/v2\/pages\/9036"}],"wp:attachment":[{"href":"https:\/\/www.vodateh.si\/hr\/wp-json\/wp\/v2\/media?parent=9030"}],"curies":[{"name":"wp","href":"https:\/\/api.w.org\/{rel}","templated":true}]}}